{"id":6205,"date":"2025-01-09T13:37:27","date_gmt":"2025-01-09T18:37:27","guid":{"rendered":"https:\/\/www.polyexpert.com\/?page_id=6205"},"modified":"2026-04-13T11:37:41","modified_gmt":"2026-04-13T15:37:41","slug":"about-us","status":"publish","type":"page","link":"https:\/\/www.polyexpert.com\/en\/about-us\/","title":{"rendered":"About us"},"content":{"rendered":"<section class=\"banner-hero banner-hero--primary-500 banner-hero--hero-small\" gr-vgrid=\" p-2 mb-1\">\n    <div class=\"banner-hero__bg\"><\/div>\n    <div gr-grid=\"container\">\n        <div class=\"banner-hero__content\">\n                            <h1 class=\"banner-hero__title banner-hero__title--large u-text-color-white\" gr-vgrid=\"mb-1\" gr-animate=\"fade-from-left\">\n                    Leading Innovation in Polyethylene Film Manufacturing\n                <\/h1>\n                        <div class=\"typography\" gr-animate=\"fade-from-left\">\n                <p><\/p>\n            <\/div>\n        <\/div>\n    <\/div>\n    <div class=\"banner-hero__media\" style=\"background-image:url(https:\/\/www.polyexpert.com\/wp-content\/uploads\/2024\/02\/POLYCO_20191029_ISL3290-2-1-e1708705916881-1024x534.jpg);\"><\/div>\n<\/section>\n\n\n<section gr-vgrid=\"mt-2\" class=\" u-background\">\n    <div gr-grid=\"container\">\n        <div class=\"typography typography--list-\">\n            <p><p style=\"text-align: left;\">PolyExpert positions itself as a<strong> strong player in the blown polyethylene film industry<\/strong>, offering innovative solutions that combine <strong>performance and sustainability<\/strong> for various sectors such as agriculture, food, and many other industries.<br \/>\nWe are based in Quebec and operate not only within the province but also across Canada and the United States.<br \/>\n<strong>And we\u2019ve been doing this for 45 years!<\/strong><\/p>\n<p>&nbsp;<\/p>\n<\/p>\n        <\/div>\n\t\t    <\/div>\n<\/section>\n\n\n<div class=\"wp-block-group is-content-justification-center is-nowrap is-layout-flex wp-container-core-group-is-layout-94bc23d7 wp-block-group-is-layout-flex\">\n<figure class=\"wp-block-embed is-type-video is-provider-youtube wp-block-embed-youtube wp-embed-aspect-16-9 wp-has-aspect-ratio\"><div class=\"wp-block-embed__wrapper\">\n<iframe loading=\"lazy\" title=\"Polyexpert 45th anniv. ENG 4K\" width=\"500\" height=\"281\" src=\"https:\/\/www.youtube.com\/embed\/-THsPEgW_J4?feature=oembed\" frameborder=\"0\" allow=\"accelerometer; autoplay; clipboard-write; encrypted-media; gyroscope; picture-in-picture; web-share\" referrerpolicy=\"strict-origin-when-cross-origin\" allowfullscreen><\/iframe>\n<\/div><\/figure>\n<\/div>\n\n\n\n<div style=\"height:70px\" aria-hidden=\"true\" class=\"wp-block-spacer\"><\/div>\n\n\n<section gr-vgrid=\"mb-2\" class=\" u-background\">\n    <div gr-grid=\"container\">\n        <div class=\"typography typography--list-\">\n            <p><h2><strong>Company History<\/strong><\/h2>\n<p>PolyExpert is a family-owned Quebec-based company founded in 1979 by Gilles Plante, who at the time had 15 years of experience in the blown plastic film process. Since its inception, the company has been located in Laval and has been steadily growing. Over the years, PolyExpert&#8217;s expertise has been solidified through increasingly significant projects in the production of polyethylene films, as well as biodegradable and compostable films, thanks in large part to a cutting-edge R&amp;D department constantly pushing the industry forward to better serve the needs of its diverse clients. This know-how has naturally evolved into a strong commitment to sustainable development.<br \/>\nToday, PolyExpert aligns all its actions with the principles of sustainable development. Every product developed is based on two key pillars:<\/p>\n<ul>\n<li>1. Producing high-quality polyethylene films<\/li>\n<li>2. Doing so while adhering to the strictest environmental standards<\/li>\n<\/ul>\n<p>This enables us to offer technologies and film structures considered true &#8220;revolutions&#8221; in the plastic packaging industry.<\/p>\n<\/p>\n        <\/div>\n\t\t    <\/div>\n<\/section>\n\n\n<div class=\"wp-block-cover alignfull has-white-color has-text-color has-link-color wp-elements-427ccfc898917b62eb561f4d559ade38\" style=\"min-height:243px;aspect-ratio:unset;\"><img loading=\"lazy\" decoding=\"async\" width=\"2560\" height=\"1708\" class=\"wp-block-cover__image-background wp-image-1565\" alt=\"\" src=\"https:\/\/www.polyexpert.com\/wp-content\/uploads\/2021\/07\/PolyExpertUsinePhotographesCommercial-57-maybe-scaled.jpg\" style=\"object-position:61% 26%\" data-object-fit=\"cover\" data-object-position=\"61% 26%\" srcset=\"https:\/\/www.polyexpert.com\/wp-content\/uploads\/2021\/07\/PolyExpertUsinePhotographesCommercial-57-maybe-scaled.jpg 2560w, https:\/\/www.polyexpert.com\/wp-content\/uploads\/2021\/07\/PolyExpertUsinePhotographesCommercial-57-maybe-300x200.jpg 300w, https:\/\/www.polyexpert.com\/wp-content\/uploads\/2021\/07\/PolyExpertUsinePhotographesCommercial-57-maybe-1024x683.jpg 1024w, https:\/\/www.polyexpert.com\/wp-content\/uploads\/2021\/07\/PolyExpertUsinePhotographesCommercial-57-maybe-768x512.jpg 768w, https:\/\/www.polyexpert.com\/wp-content\/uploads\/2021\/07\/PolyExpertUsinePhotographesCommercial-57-maybe-1536x1025.jpg 1536w, https:\/\/www.polyexpert.com\/wp-content\/uploads\/2021\/07\/PolyExpertUsinePhotographesCommercial-57-maybe-2048x1366.jpg 2048w\" sizes=\"auto, (max-width: 2560px) 100vw, 2560px\" \/><span aria-hidden=\"true\" class=\"wp-block-cover__background has-black-background-color has-background-dim-40 has-background-dim\"><\/span><div class=\"wp-block-cover__inner-container is-layout-constrained wp-block-cover-is-layout-constrained\">\n<h2 class=\"wp-block-heading has-text-align-center has-white-color has-text-color has-link-color wp-elements-0c10b404be90d01075840f014283e9ef\" style=\"font-size:32px\"><\/h2>\n<\/div><\/div>\n\n\n<section gr-vgrid=\"pt-2 pb-2\" class=\" u-background\">\n    <div gr-grid=\"container\">\n        <div class=\"typography typography--list-\">\n            <p><h2 style=\"text-align: left;\"><b>Our Mission<\/b><\/h2>\n<p>We leverage our deeply rooted expertise in polymer science and engineering, strengthened by state-of-the-art facilities and an unwavering commitment to research and development, to deliver effective and high-performing solutions.<br \/>\nFirmly committed to sustainable development, we offer an extensive range of biodegradable, compostable, and mono-material blown polyethylene films, continuously innovating to minimize our environmental impact.<br \/>\nOur mission is to provide sustainable, high-quality, and high-performing blown polyethylene films that make a positive impact on the world and meet the needs of our clients, including converters and processors.<br \/>\nWe are proud to partner with our clients, enhancing their operations through our products.<\/p>\n<\/p>\n        <\/div>\n\t\t    <\/div>\n<\/section>\n\n\n<div class=\"wp-block-cover alignfull has-white-color has-text-color has-link-color wp-elements-6ab83060f721737699556b85e7794d2b\" style=\"min-height:243px;aspect-ratio:unset;\"><img loading=\"lazy\" decoding=\"async\" width=\"2560\" height=\"1707\" class=\"wp-block-cover__image-background wp-image-1501\" alt=\"\" src=\"https:\/\/www.polyexpert.com\/wp-content\/uploads\/2021\/07\/MG_1307-scaled.jpg\" data-object-fit=\"cover\" srcset=\"https:\/\/www.polyexpert.com\/wp-content\/uploads\/2021\/07\/MG_1307-scaled.jpg 2560w, https:\/\/www.polyexpert.com\/wp-content\/uploads\/2021\/07\/MG_1307-300x200.jpg 300w, https:\/\/www.polyexpert.com\/wp-content\/uploads\/2021\/07\/MG_1307-1024x683.jpg 1024w, https:\/\/www.polyexpert.com\/wp-content\/uploads\/2021\/07\/MG_1307-768x512.jpg 768w, https:\/\/www.polyexpert.com\/wp-content\/uploads\/2021\/07\/MG_1307-1536x1024.jpg 1536w, https:\/\/www.polyexpert.com\/wp-content\/uploads\/2021\/07\/MG_1307-2048x1365.jpg 2048w\" sizes=\"auto, (max-width: 2560px) 100vw, 2560px\" \/><span aria-hidden=\"true\" class=\"wp-block-cover__background has-black-background-color has-background-dim-40 has-background-dim\"><\/span><div class=\"wp-block-cover__inner-container is-layout-constrained wp-block-cover-is-layout-constrained\">\n<h2 class=\"wp-block-heading has-text-align-center has-white-color has-text-color has-link-color wp-elements-0c10b404be90d01075840f014283e9ef\" style=\"font-size:32px\"><\/h2>\n<\/div><\/div>\n\n\n<section gr-vgrid=\"pt-2 pb-2 mb-2\" class=\" u-background\">\n    <div gr-grid=\"container\">\n        <div class=\"typography typography--list-\">\n            <p><h2><b>Our Vision<\/b><\/h2>\n<p>Our vision goes beyond simply being a leading supplier of sustainable, high-quality films.<br \/>\nBy expanding and improving our R&amp;D capabilities, efficiency, performance, and the creation of custom solutions, we strive to make a significant positive impact on our industry and the health of our planet.<\/p>\n<p>We embrace an eco-responsible vision that prioritizes environmental accountability, employee well-being, and customer satisfaction.<br \/>\nAt PolyExpert, we are committed to creating a better world for future generations through our actions, transformative business practices, and unwavering dedication to performance and expertise.<\/p>\n<\/p>\n        <\/div>\n\t\t    <\/div>\n<\/section>\n\n<section gr-vgrid=\"mt-2 mb-2 pt-2 pb-2\" class=\" u-background-color-blue-600\">\n    <div gr-grid=\"container\">\n        <div class=\"typography typography--list-\">\n            <p><h3>Our Commitment to Sustainability<\/h3>\n<p>At PolyExpert, our commitment to sustainability is deeply ingrained in our operations and actions at every level.<br \/>\nWould you like to learn more about the reality of our commitments?<\/p>\n<\/p>\n        <\/div>\n\t\t                    <a href=\"https:\/\/www.polyexpert.com\/en\/our-eco-responsible-vision\/\" target=\"\" class=\"btn--tierce-500\" gr-vgrid=\"mt-1\">Discover our Eco-Responsible Vision<\/a>\n                    <\/div>\n<\/section>\n\n\n<div class=\"wp-block-group is-content-justification-center is-layout-flex wp-container-core-group-is-layout-64b26803 wp-block-group-is-layout-flex\">\n<figure class=\"wp-block-image size-large is-resized\"><img loading=\"lazy\" decoding=\"async\" width=\"1024\" height=\"603\" src=\"https:\/\/stagingpolyexp.wpenginepowered.com\/wp-content\/uploads\/2023\/04\/Extrudeur-vu-de-face-scaled-1-1024x603.jpg\" alt=\"\" class=\"wp-image-4874\" style=\"width:628px;height:auto\" srcset=\"https:\/\/www.polyexpert.com\/wp-content\/uploads\/2023\/04\/Extrudeur-vu-de-face-scaled-1-1024x603.jpg 1024w, https:\/\/www.polyexpert.com\/wp-content\/uploads\/2023\/04\/Extrudeur-vu-de-face-scaled-1-300x177.jpg 300w, https:\/\/www.polyexpert.com\/wp-content\/uploads\/2023\/04\/Extrudeur-vu-de-face-scaled-1-768x452.jpg 768w, https:\/\/www.polyexpert.com\/wp-content\/uploads\/2023\/04\/Extrudeur-vu-de-face-scaled-1-1536x904.jpg 1536w, https:\/\/www.polyexpert.com\/wp-content\/uploads\/2023\/04\/Extrudeur-vu-de-face-scaled-1-2048x1206.jpg 2048w\" sizes=\"auto, (max-width: 1024px) 100vw, 1024px\" \/><\/figure>\n\n\n\n<figure class=\"wp-block-image size-full is-resized\"><img loading=\"lazy\" decoding=\"async\" width=\"1000\" height=\"658\" src=\"https:\/\/stagingpolyexp.wpenginepowered.com\/wp-content\/uploads\/2023\/02\/post-Industrial-recycled-content.jpg\" alt=\"rpi\" class=\"wp-image-4694\" style=\"width:564px;height:auto\" srcset=\"https:\/\/www.polyexpert.com\/wp-content\/uploads\/2023\/02\/post-Industrial-recycled-content.jpg 1000w, https:\/\/www.polyexpert.com\/wp-content\/uploads\/2023\/02\/post-Industrial-recycled-content-300x197.jpg 300w, https:\/\/www.polyexpert.com\/wp-content\/uploads\/2023\/02\/post-Industrial-recycled-content-768x505.jpg 768w\" sizes=\"auto, (max-width: 1000px) 100vw, 1000px\" \/><\/figure>\n<\/div>\n\n\n\n<div class=\"wp-block-group is-content-justification-center is-layout-constrained wp-container-core-group-is-layout-cee2ecc2 wp-block-group-is-layout-constrained\" style=\"padding-top:0;padding-right:var(--wp--preset--spacing--40);padding-bottom:0;padding-left:var(--wp--preset--spacing--40)\">\n<div class=\"wp-block-group alignfull is-layout-constrained wp-container-core-group-is-layout-8f85944d wp-block-group-is-layout-constrained\"><section gr-vgrid=\"mt-2 pt-2 pb-2\" class=\" u-background-color-blue-600\">\n    <div gr-grid=\"container\">\n        <div class=\"typography typography--list-\">\n            <p><h2 style=\"text-align: center;\">Would you like to join our team and make a difference in a rapidly evolving industry?<\/h2>\n<p style=\"text-align: center;\">Discover the benefits we offer and see our list of available positions!<\/p>\n<p><a href=\"https:\/\/emplois.ca.indeed.com\/cmp\/Polyexpert\/jobs\" target=\"_blank\" rel=\"noopener\">\u00a0<\/a><\/p>\n<style class=\"wpcode-css-snippet\">.typography ul>li:before {\r\n\tcontent: \"\";\r\n\theight: 8px !important;\r\n\twidth: 8px !important;\r\n\tfont-family: none !important;\r\n    background: #EF4936;\r\n    border-radius: 50%;\r\n\ttop: 8px !important;\r\n}\r\n\r\n.typography > div:first-child {\r\n\tmargin-bottom: 1rem;\r\n\tdisplay: flex;\r\n    padding-left: 20px;\r\n    \r\n    align-items: center;\r\n    column-gap: 10px;\r\n}\r\n\r\n.typography-icon {\r\n\twidth: 30px !important;\r\n}\r\n\r\n@media only screen and (min-width: 768px){\r\n\tmain [gr-grid=\"grid sm-2\"] {\r\n\t\tcolumn-count: 2;\r\n\t\tcolumn-gap: 4em;\r\n\t\tdisplay: block !important;\r\n\t}\r\n}\r\nmain [gr-grid=\"grid sm-2\"] > div {\r\n\tbreak-inside: avoid-column;\r\n\tpadding: 1.25em;\r\n\tmax-width: 100% !important;\r\n\tbackground-color: #f5f5f5;\r\n}\r\n.u-background-color-blue-600 *, .u-background-color-blue-600 :is(h1,h2,h3,h4,h5,h6) {\r\n    text-align: center;\r\n}\r\n.wp-block-social-links:not(.is-style-logos-only) .wp-social-link-facebook {\r\n    background-color: #EF4936;\r\n    color: #fff;\r\n}\r\n.wp-block-social-links:not(.is-style-logos-only) .wp-social-link-linkedin {\r\n    background-color: #EF4936;\r\n    color: #fff;\r\n}\r\n.wp-block-social-links:not(.is-style-logos-only) .wp-social-link-instagram {\r\n    background-color: #EF4936;\r\n    color: #fff;\r\n}\r\n\r\n.wp-block-group.last_block.is-layout-constrained.wp-container-core-group-layout-3.wp-block-group-is-layout-constrained {\r\n    padding-top: 0;\r\n    padding-right: 0;\r\n    padding-bottom: 0;\r\n    padding-left: 0;\r\n}\r\n#floatingButton {\r\n    position: fixed; \/* Le bouton reste en place pendant le d\u00e9filement *\/\r\n    bottom: 20px; \/* Distance du bas de la fen\u00eatre *\/\r\n    right: 20px; \/* Distance du c\u00f4t\u00e9 droit de la fen\u00eatre *\/\r\n    padding: 10px 20px; \/* Taille du bouton *\/\r\n    color: white; \/* Couleur du texte *\/\r\n    cursor: pointer; \/* Forme du curseur *\/\r\n    z-index: 1000; \/* S'assurer que le bouton est au-dessus des autres \u00e9l\u00e9ments *\/\r\n\tbackground-color: #ef4936;\r\n    border: 2px solid #ef4936;\r\n    color: #fff;\r\n    border-radius: 0;\r\n    font-family: Raleway, Tahoma, Geneva, sans-serif;\r\n    font-weight: 700;\r\n    line-height: 1.5;\r\n}\r\n}\r\n<\/style>\n<\/p>\n        <\/div>\n\t\t                    <a href=\"https:\/\/www.polyexpert.com\/en\/career\/\" target=\"_blank\" class=\"btn--tierce-500\" gr-vgrid=\"mt-1\">Build a Career at PolyExpert)<\/a>\n                    <\/div>\n<\/section><\/div>\n<\/div>\n","protected":false},"excerpt":{"rendered":"","protected":false},"author":10,"featured_media":0,"parent":0,"menu_order":0,"comment_status":"closed","ping_status":"closed","template":"","meta":{"_acf_changed":true,"content-type":"","inline_featured_image":false,"footnotes":""},"class_list":["post-6205","page","type-page","status-publish","hentry"],"acf":[],"yoast_head":"<!-- This site is optimized with the Yoast SEO plugin v27.5 - https:\/\/yoast.com\/product\/yoast-seo-wordpress\/ -->\n<title>PolyExpert: Advanced Solutions in Sustainable Film Manufacturing<\/title>\n<meta name=\"description\" content=\"PolyExpert delivers innovative polyethylene film solutions with a focus on sustainability, quality control, and cutting-edge manufacturing technology.\" \/>\n<meta name=\"robots\" content=\"index, follow, max-snippet:-1, max-image-preview:large, max-video-preview:-1\" \/>\n<link rel=\"canonical\" href=\"https:\/\/www.polyexpert.com\/en\/about-us\/\" \/>\n<meta property=\"og:locale\" content=\"en_US\" \/>\n<meta property=\"og:type\" content=\"article\" \/>\n<meta property=\"og:title\" content=\"PolyExpert: Advanced Solutions in Sustainable Film Manufacturing\" \/>\n<meta property=\"og:description\" content=\"PolyExpert delivers innovative polyethylene film solutions with a focus on sustainability, quality control, and cutting-edge manufacturing technology.\" \/>\n<meta property=\"og:url\" content=\"https:\/\/www.polyexpert.com\/en\/about-us\/\" \/>\n<meta property=\"og:site_name\" content=\"PolyExpert\" \/>\n<meta property=\"article:publisher\" content=\"https:\/\/www.facebook.com\/PolyExpertfilms\/\" \/>\n<meta property=\"article:modified_time\" content=\"2026-04-13T15:37:41+00:00\" \/>\n<meta property=\"og:image\" content=\"https:\/\/www.polyexpert.com\/wp-content\/uploads\/2021\/07\/PolyExpertUsinePhotographesCommercial-57-maybe-scaled.jpg\" \/>\n\t<meta property=\"og:image:width\" content=\"2560\" \/>\n\t<meta property=\"og:image:height\" content=\"1708\" \/>\n\t<meta property=\"og:image:type\" content=\"image\/jpeg\" \/>\n<meta name=\"twitter:card\" content=\"summary_large_image\" \/>\n<meta name=\"twitter:site\" content=\"@GroupPolyexpert\" \/>\n<meta name=\"twitter:label1\" content=\"Est. reading time\" \/>\n\t<meta name=\"twitter:data1\" content=\"1 minute\" \/>\n<script type=\"application\/ld+json\" class=\"yoast-schema-graph\">{\"@context\":\"https:\\\/\\\/schema.org\",\"@graph\":[{\"@type\":\"WebPage\",\"@id\":\"https:\\\/\\\/www.polyexpert.com\\\/en\\\/about-us\\\/\",\"url\":\"https:\\\/\\\/www.polyexpert.com\\\/en\\\/about-us\\\/\",\"name\":\"PolyExpert: Advanced Solutions in Sustainable Film Manufacturing\",\"isPartOf\":{\"@id\":\"https:\\\/\\\/www.polyexpert.com\\\/en\\\/#website\"},\"primaryImageOfPage\":{\"@id\":\"https:\\\/\\\/www.polyexpert.com\\\/en\\\/about-us\\\/#primaryimage\"},\"image\":{\"@id\":\"https:\\\/\\\/www.polyexpert.com\\\/en\\\/about-us\\\/#primaryimage\"},\"thumbnailUrl\":\"https:\\\/\\\/www.polyexpert.com\\\/wp-content\\\/uploads\\\/2021\\\/07\\\/PolyExpertUsinePhotographesCommercial-57-maybe-scaled.jpg\",\"datePublished\":\"2025-01-09T18:37:27+00:00\",\"dateModified\":\"2026-04-13T15:37:41+00:00\",\"description\":\"PolyExpert delivers innovative polyethylene film solutions with a focus on sustainability, quality control, and cutting-edge manufacturing technology.\",\"breadcrumb\":{\"@id\":\"https:\\\/\\\/www.polyexpert.com\\\/en\\\/about-us\\\/#breadcrumb\"},\"inLanguage\":\"en-US\",\"potentialAction\":[{\"@type\":\"ReadAction\",\"target\":[\"https:\\\/\\\/www.polyexpert.com\\\/en\\\/about-us\\\/\"]}]},{\"@type\":\"ImageObject\",\"inLanguage\":\"en-US\",\"@id\":\"https:\\\/\\\/www.polyexpert.com\\\/en\\\/about-us\\\/#primaryimage\",\"url\":\"https:\\\/\\\/www.polyexpert.com\\\/wp-content\\\/uploads\\\/2021\\\/07\\\/PolyExpertUsinePhotographesCommercial-57-maybe-scaled.jpg\",\"contentUrl\":\"https:\\\/\\\/www.polyexpert.com\\\/wp-content\\\/uploads\\\/2021\\\/07\\\/PolyExpertUsinePhotographesCommercial-57-maybe-scaled.jpg\"},{\"@type\":\"BreadcrumbList\",\"@id\":\"https:\\\/\\\/www.polyexpert.com\\\/en\\\/about-us\\\/#breadcrumb\",\"itemListElement\":[{\"@type\":\"ListItem\",\"position\":1,\"name\":\"Home\",\"item\":\"https:\\\/\\\/www.polyexpert.com\\\/en\\\/\"},{\"@type\":\"ListItem\",\"position\":2,\"name\":\"About us\"}]},{\"@type\":\"WebSite\",\"@id\":\"https:\\\/\\\/www.polyexpert.com\\\/en\\\/#website\",\"url\":\"https:\\\/\\\/www.polyexpert.com\\\/en\\\/\",\"name\":\"PolyExpert\",\"description\":\"Experts de la fabrication de pellicule de poly\u00e9thyl\u00e8ne\",\"potentialAction\":[{\"@type\":\"SearchAction\",\"target\":{\"@type\":\"EntryPoint\",\"urlTemplate\":\"https:\\\/\\\/www.polyexpert.com\\\/en\\\/?s={search_term_string}\"},\"query-input\":{\"@type\":\"PropertyValueSpecification\",\"valueRequired\":true,\"valueName\":\"search_term_string\"}}],\"inLanguage\":\"en-US\"}]}<\/script>\n<!-- \/ Yoast SEO plugin. -->","yoast_head_json":{"title":"PolyExpert: Advanced Solutions in Sustainable Film Manufacturing","description":"PolyExpert delivers innovative polyethylene film solutions with a focus on sustainability, quality control, and cutting-edge manufacturing technology.","robots":{"index":"index","follow":"follow","max-snippet":"max-snippet:-1","max-image-preview":"max-image-preview:large","max-video-preview":"max-video-preview:-1"},"canonical":"https:\/\/www.polyexpert.com\/en\/about-us\/","og_locale":"en_US","og_type":"article","og_title":"PolyExpert: Advanced Solutions in Sustainable Film Manufacturing","og_description":"PolyExpert delivers innovative polyethylene film solutions with a focus on sustainability, quality control, and cutting-edge manufacturing technology.","og_url":"https:\/\/www.polyexpert.com\/en\/about-us\/","og_site_name":"PolyExpert","article_publisher":"https:\/\/www.facebook.com\/PolyExpertfilms\/","article_modified_time":"2026-04-13T15:37:41+00:00","og_image":[{"width":2560,"height":1708,"url":"https:\/\/www.polyexpert.com\/wp-content\/uploads\/2021\/07\/PolyExpertUsinePhotographesCommercial-57-maybe-scaled.jpg","type":"image\/jpeg"}],"twitter_card":"summary_large_image","twitter_site":"@GroupPolyexpert","twitter_misc":{"Est. reading time":"1 minute"},"schema":{"@context":"https:\/\/schema.org","@graph":[{"@type":"WebPage","@id":"https:\/\/www.polyexpert.com\/en\/about-us\/","url":"https:\/\/www.polyexpert.com\/en\/about-us\/","name":"PolyExpert: Advanced Solutions in Sustainable Film Manufacturing","isPartOf":{"@id":"https:\/\/www.polyexpert.com\/en\/#website"},"primaryImageOfPage":{"@id":"https:\/\/www.polyexpert.com\/en\/about-us\/#primaryimage"},"image":{"@id":"https:\/\/www.polyexpert.com\/en\/about-us\/#primaryimage"},"thumbnailUrl":"https:\/\/www.polyexpert.com\/wp-content\/uploads\/2021\/07\/PolyExpertUsinePhotographesCommercial-57-maybe-scaled.jpg","datePublished":"2025-01-09T18:37:27+00:00","dateModified":"2026-04-13T15:37:41+00:00","description":"PolyExpert delivers innovative polyethylene film solutions with a focus on sustainability, quality control, and cutting-edge manufacturing technology.","breadcrumb":{"@id":"https:\/\/www.polyexpert.com\/en\/about-us\/#breadcrumb"},"inLanguage":"en-US","potentialAction":[{"@type":"ReadAction","target":["https:\/\/www.polyexpert.com\/en\/about-us\/"]}]},{"@type":"ImageObject","inLanguage":"en-US","@id":"https:\/\/www.polyexpert.com\/en\/about-us\/#primaryimage","url":"https:\/\/www.polyexpert.com\/wp-content\/uploads\/2021\/07\/PolyExpertUsinePhotographesCommercial-57-maybe-scaled.jpg","contentUrl":"https:\/\/www.polyexpert.com\/wp-content\/uploads\/2021\/07\/PolyExpertUsinePhotographesCommercial-57-maybe-scaled.jpg"},{"@type":"BreadcrumbList","@id":"https:\/\/www.polyexpert.com\/en\/about-us\/#breadcrumb","itemListElement":[{"@type":"ListItem","position":1,"name":"Home","item":"https:\/\/www.polyexpert.com\/en\/"},{"@type":"ListItem","position":2,"name":"About us"}]},{"@type":"WebSite","@id":"https:\/\/www.polyexpert.com\/en\/#website","url":"https:\/\/www.polyexpert.com\/en\/","name":"PolyExpert","description":"Experts de la fabrication de pellicule de poly\u00e9thyl\u00e8ne","potentialAction":[{"@type":"SearchAction","target":{"@type":"EntryPoint","urlTemplate":"https:\/\/www.polyexpert.com\/en\/?s={search_term_string}"},"query-input":{"@type":"PropertyValueSpecification","valueRequired":true,"valueName":"search_term_string"}}],"inLanguage":"en-US"}]}},"_links":{"self":[{"href":"https:\/\/www.polyexpert.com\/en\/wp-json\/wp\/v2\/pages\/6205","targetHints":{"allow":["GET"]}}],"collection":[{"href":"https:\/\/www.polyexpert.com\/en\/wp-json\/wp\/v2\/pages"}],"about":[{"href":"https:\/\/www.polyexpert.com\/en\/wp-json\/wp\/v2\/types\/page"}],"author":[{"embeddable":true,"href":"https:\/\/www.polyexpert.com\/en\/wp-json\/wp\/v2\/users\/10"}],"replies":[{"embeddable":true,"href":"https:\/\/www.polyexpert.com\/en\/wp-json\/wp\/v2\/comments?post=6205"}],"version-history":[{"count":0,"href":"https:\/\/www.polyexpert.com\/en\/wp-json\/wp\/v2\/pages\/6205\/revisions"}],"wp:attachment":[{"href":"https:\/\/www.polyexpert.com\/en\/wp-json\/wp\/v2\/media?parent=6205"}],"curies":[{"name":"wp","href":"https:\/\/api.w.org\/{rel}","templated":true}]}}